{"id":3300,"date":"2023-05-03T03:51:24","date_gmt":"2023-05-03T00:51:24","guid":{"rendered":"https:\/\/www.tolfsnasinkalastusalue.fi\/sjosattningsplats"},"modified":"2026-04-09T14:15:42","modified_gmt":"2026-04-09T11:15:42","slug":"sjosattningsplats","status":"publish","type":"page","link":"https:\/\/www.tolfsnasinkalastusalue.fi\/sv\/fiskeomrade\/sjosattningsplats","title":{"rendered":"Sj\u00f6s\u00e4ttningsplats"},"content":{"rendered":"","protected":false},"excerpt":{"rendered":"","protected":false},"author":1,"featured_media":3203,"parent":3314,"menu_order":0,"comment_status":"closed","ping_status":"closed","template":"","meta":{"_acf_changed":false,"_seopress_robots_primary_cat":"","_seopress_titles_title":"","_seopress_titles_desc":"Fiskeomr\u00e5dets egen sj\u00f6s\u00e4ttningsplats ligger i samband med Tolfsn\u00e4s g\u00e5rdens b\u00e5tbrygga.","_seopress_robots_index":"","iawp_total_views":5,"footnotes":""},"class_list":["post-3300","page","type-page","status-publish","has-post-thumbnail"],"acf":[],"_links":{"self":[{"href":"https:\/\/www.tolfsnasinkalastusalue.fi\/sv\/wp-json\/wp\/v2\/pages\/3300","targetHints":{"allow":["GET"]}}],"collection":[{"href":"https:\/\/www.tolfsnasinkalastusalue.fi\/sv\/wp-json\/wp\/v2\/pages"}],"about":[{"href":"https:\/\/www.tolfsnasinkalastusalue.fi\/sv\/wp-json\/wp\/v2\/types\/page"}],"author":[{"embeddable":true,"href":"https:\/\/www.tolfsnasinkalastusalue.fi\/sv\/wp-json\/wp\/v2\/users\/1"}],"replies":[{"embeddable":true,"href":"https:\/\/www.tolfsnasinkalastusalue.fi\/sv\/wp-json\/wp\/v2\/comments?post=3300"}],"version-history":[{"count":1,"href":"https:\/\/www.tolfsnasinkalastusalue.fi\/sv\/wp-json\/wp\/v2\/pages\/3300\/revisions"}],"predecessor-version":[{"id":10341,"href":"https:\/\/www.tolfsnasinkalastusalue.fi\/sv\/wp-json\/wp\/v2\/pages\/3300\/revisions\/10341"}],"up":[{"embeddable":true,"href":"https:\/\/www.tolfsnasinkalastusalue.fi\/sv\/wp-json\/wp\/v2\/pages\/3314"}],"wp:featuredmedia":[{"embeddable":true,"href":"https:\/\/www.tolfsnasinkalastusalue.fi\/sv\/wp-json\/wp\/v2\/media\/3203"}],"wp:attachment":[{"href":"https:\/\/www.tolfsnasinkalastusalue.fi\/sv\/wp-json\/wp\/v2\/media?parent=3300"}],"curies":[{"name":"wp","href":"https:\/\/api.w.org\/{rel}","templated":true}]}}