{"id":3304,"date":"2023-02-16T06:44:51","date_gmt":"2023-02-16T04:44:51","guid":{"rendered":"https:\/\/www.tolfsnasinkalastusalue.fi\/framsida"},"modified":"2025-08-21T12:55:21","modified_gmt":"2025-08-21T09:55:21","slug":"framsida","status":"publish","type":"page","link":"https:\/\/www.tolfsnasinkalastusalue.fi\/sv","title":{"rendered":"Framsida"},"content":{"rendered":"","protected":false},"excerpt":{"rendered":"","protected":false},"author":1,"featured_media":0,"parent":0,"menu_order":0,"comment_status":"closed","ping_status":"closed","template":"","meta":{"_acf_changed":false,"_seopress_robots_primary_cat":"","_seopress_titles_title":"%%sitetitle%%","_seopress_titles_desc":"Tolfsn\u00e4s-Skogby fiskedel\u00e4garlag v\u00e5rdar ett fiskeomr\u00e5de p\u00e5 2052 hektar som sprider sig ut fr\u00e5n Pemar till Gullkrona i v\u00e4stra delen av Kimito\u00f6.","_seopress_robots_index":"","iawp_total_views":59,"footnotes":""},"class_list":["post-3304","page","type-page","status-publish"],"acf":[],"_links":{"self":[{"href":"https:\/\/www.tolfsnasinkalastusalue.fi\/sv\/wp-json\/wp\/v2\/pages\/3304","targetHints":{"allow":["GET"]}}],"collection":[{"href":"https:\/\/www.tolfsnasinkalastusalue.fi\/sv\/wp-json\/wp\/v2\/pages"}],"about":[{"href":"https:\/\/www.tolfsnasinkalastusalue.fi\/sv\/wp-json\/wp\/v2\/types\/page"}],"author":[{"embeddable":true,"href":"https:\/\/www.tolfsnasinkalastusalue.fi\/sv\/wp-json\/wp\/v2\/users\/1"}],"replies":[{"embeddable":true,"href":"https:\/\/www.tolfsnasinkalastusalue.fi\/sv\/wp-json\/wp\/v2\/comments?post=3304"}],"version-history":[{"count":0,"href":"https:\/\/www.tolfsnasinkalastusalue.fi\/sv\/wp-json\/wp\/v2\/pages\/3304\/revisions"}],"wp:attachment":[{"href":"https:\/\/www.tolfsnasinkalastusalue.fi\/sv\/wp-json\/wp\/v2\/media?parent=3304"}],"curies":[{"name":"wp","href":"https:\/\/api.w.org\/{rel}","templated":true}]}}