{"id":3313,"date":"2023-02-20T11:20:49","date_gmt":"2023-02-20T09:20:49","guid":{"rendered":"https:\/\/www.tolfsnasinkalastusalue.fi\/delagarlag"},"modified":"2026-04-10T13:44:01","modified_gmt":"2026-04-10T10:44:01","slug":"delagarlag","status":"publish","type":"page","link":"https:\/\/www.tolfsnasinkalastusalue.fi\/sv\/delagarlag","title":{"rendered":"Del\u00e4garlag"},"content":{"rendered":"","protected":false},"excerpt":{"rendered":"","protected":false},"author":1,"featured_media":0,"parent":0,"menu_order":0,"comment_status":"closed","ping_status":"closed","template":"","meta":{"_acf_changed":false,"_seopress_robots_primary_cat":"","_seopress_titles_title":"","_seopress_titles_desc":"Tolfsn\u00e4s-Skogsby vattenomr\u00e5dets del\u00e4garlag har varit aktiv sedan 1953 och v\u00e5rdar ett vattenomr\u00e5de p\u00e5 2052 hektar.","_seopress_robots_index":"","iawp_total_views":63,"footnotes":""},"class_list":["post-3313","page","type-page","status-publish"],"acf":[],"_links":{"self":[{"href":"https:\/\/www.tolfsnasinkalastusalue.fi\/sv\/wp-json\/wp\/v2\/pages\/3313","targetHints":{"allow":["GET"]}}],"collection":[{"href":"https:\/\/www.tolfsnasinkalastusalue.fi\/sv\/wp-json\/wp\/v2\/pages"}],"about":[{"href":"https:\/\/www.tolfsnasinkalastusalue.fi\/sv\/wp-json\/wp\/v2\/types\/page"}],"author":[{"embeddable":true,"href":"https:\/\/www.tolfsnasinkalastusalue.fi\/sv\/wp-json\/wp\/v2\/users\/1"}],"replies":[{"embeddable":true,"href":"https:\/\/www.tolfsnasinkalastusalue.fi\/sv\/wp-json\/wp\/v2\/comments?post=3313"}],"version-history":[{"count":1,"href":"https:\/\/www.tolfsnasinkalastusalue.fi\/sv\/wp-json\/wp\/v2\/pages\/3313\/revisions"}],"predecessor-version":[{"id":10329,"href":"https:\/\/www.tolfsnasinkalastusalue.fi\/sv\/wp-json\/wp\/v2\/pages\/3313\/revisions\/10329"}],"wp:attachment":[{"href":"https:\/\/www.tolfsnasinkalastusalue.fi\/sv\/wp-json\/wp\/v2\/media?parent=3313"}],"curies":[{"name":"wp","href":"https:\/\/api.w.org\/{rel}","templated":true}]}}