{"id":3364,"date":"2023-02-20T08:11:51","date_gmt":"2023-02-20T06:11:51","guid":{"rendered":"https:\/\/www.tolfsnasinkalastusalue.fi\/fiskelicenser"},"modified":"2026-04-10T10:18:21","modified_gmt":"2026-04-10T07:18:21","slug":"fiskelicenser","status":"publish","type":"page","link":"https:\/\/www.tolfsnasinkalastusalue.fi\/sv\/fiskelicenser","title":{"rendered":"Fiskelicenser"},"content":{"rendered":"","protected":false},"excerpt":{"rendered":"","protected":false},"author":1,"featured_media":0,"parent":0,"menu_order":0,"comment_status":"closed","ping_status":"closed","template":"","meta":{"_acf_changed":false,"_seopress_robots_primary_cat":"","_seopress_titles_title":"","_seopress_titles_desc":"F\u00f6r att fiska lovligt betalar man Forststyrelsen fiskev\u00e5rdsavgift och fiskelicensavgift till vattenomr\u00e5dets \u00e4gare.","_seopress_robots_index":"","iawp_total_views":38,"footnotes":""},"class_list":["post-3364","page","type-page","status-publish"],"acf":[],"_links":{"self":[{"href":"https:\/\/www.tolfsnasinkalastusalue.fi\/sv\/wp-json\/wp\/v2\/pages\/3364","targetHints":{"allow":["GET"]}}],"collection":[{"href":"https:\/\/www.tolfsnasinkalastusalue.fi\/sv\/wp-json\/wp\/v2\/pages"}],"about":[{"href":"https:\/\/www.tolfsnasinkalastusalue.fi\/sv\/wp-json\/wp\/v2\/types\/page"}],"author":[{"embeddable":true,"href":"https:\/\/www.tolfsnasinkalastusalue.fi\/sv\/wp-json\/wp\/v2\/users\/1"}],"replies":[{"embeddable":true,"href":"https:\/\/www.tolfsnasinkalastusalue.fi\/sv\/wp-json\/wp\/v2\/comments?post=3364"}],"version-history":[{"count":1,"href":"https:\/\/www.tolfsnasinkalastusalue.fi\/sv\/wp-json\/wp\/v2\/pages\/3364\/revisions"}],"predecessor-version":[{"id":10342,"href":"https:\/\/www.tolfsnasinkalastusalue.fi\/sv\/wp-json\/wp\/v2\/pages\/3364\/revisions\/10342"}],"wp:attachment":[{"href":"https:\/\/www.tolfsnasinkalastusalue.fi\/sv\/wp-json\/wp\/v2\/media?parent=3364"}],"curies":[{"name":"wp","href":"https:\/\/api.w.org\/{rel}","templated":true}]}}