{"id":3370,"date":"2023-02-20T10:54:59","date_gmt":"2023-02-20T08:54:59","guid":{"rendered":"https:\/\/www.tolfsnasinkalastusalue.fi\/fiskeomrade\/haukitehdas"},"modified":"2023-02-20T10:54:59","modified_gmt":"2023-02-20T08:54:59","slug":"haukitehdas","status":"publish","type":"page","link":"https:\/\/www.tolfsnasinkalastusalue.fi\/sv\/fiskeomrade\/haukitehdas","title":{"rendered":"Haukitehdas"},"content":{"rendered":"","protected":false},"excerpt":{"rendered":"","protected":false},"author":1,"featured_media":0,"parent":3314,"menu_order":0,"comment_status":"closed","ping_status":"closed","template":"","meta":{"_acf_changed":false,"_seopress_robots_primary_cat":"","_seopress_titles_title":"","_seopress_titles_desc":"Vid Tolfsn\u00e4s strand mitt p\u00e5 Korsholm ca 150 meter fr\u00e5n havet fanns en gammal uttorkad f\u00f6rra v\u00e5tmark.","_seopress_robots_index":"","iawp_total_views":28,"footnotes":""},"class_list":["post-3370","page","type-page","status-publish"],"acf":[],"_links":{"self":[{"href":"https:\/\/www.tolfsnasinkalastusalue.fi\/sv\/wp-json\/wp\/v2\/pages\/3370","targetHints":{"allow":["GET"]}}],"collection":[{"href":"https:\/\/www.tolfsnasinkalastusalue.fi\/sv\/wp-json\/wp\/v2\/pages"}],"about":[{"href":"https:\/\/www.tolfsnasinkalastusalue.fi\/sv\/wp-json\/wp\/v2\/types\/page"}],"author":[{"embeddable":true,"href":"https:\/\/www.tolfsnasinkalastusalue.fi\/sv\/wp-json\/wp\/v2\/users\/1"}],"replies":[{"embeddable":true,"href":"https:\/\/www.tolfsnasinkalastusalue.fi\/sv\/wp-json\/wp\/v2\/comments?post=3370"}],"version-history":[{"count":0,"href":"https:\/\/www.tolfsnasinkalastusalue.fi\/sv\/wp-json\/wp\/v2\/pages\/3370\/revisions"}],"up":[{"embeddable":true,"href":"https:\/\/www.tolfsnasinkalastusalue.fi\/sv\/wp-json\/wp\/v2\/pages\/3314"}],"wp:attachment":[{"href":"https:\/\/www.tolfsnasinkalastusalue.fi\/sv\/wp-json\/wp\/v2\/media?parent=3370"}],"curies":[{"name":"wp","href":"https:\/\/api.w.org\/{rel}","templated":true}]}}