{"id":3372,"date":"2023-02-20T10:40:31","date_gmt":"2023-02-20T08:40:31","guid":{"rendered":"https:\/\/www.tolfsnasinkalastusalue.fi\/fiskelicenser\/saljakt"},"modified":"2025-04-09T21:25:44","modified_gmt":"2025-04-09T18:25:44","slug":"saljakt","status":"publish","type":"page","link":"https:\/\/www.tolfsnasinkalastusalue.fi\/sv\/fiskelicenser\/saljakt","title":{"rendered":"S\u00e4ljakt"},"content":{"rendered":"","protected":false},"excerpt":{"rendered":"","protected":false},"author":1,"featured_media":3211,"parent":3364,"menu_order":0,"comment_status":"closed","ping_status":"closed","template":"","meta":{"_acf_changed":false,"_seopress_robots_primary_cat":"","_seopress_titles_title":"","_seopress_titles_desc":"I Tolfsn\u00e4s vattenomr\u00e5de \u00e4r det m\u00f6jligt att jaga s\u00e4l inom ramen f\u00f6r den regionala jaktkvot som fastst\u00e4llts av jord- och skogsbruksministeriet.","_seopress_robots_index":"","iawp_total_views":1,"footnotes":""},"class_list":["post-3372","page","type-page","status-publish","has-post-thumbnail"],"acf":[],"_links":{"self":[{"href":"https:\/\/www.tolfsnasinkalastusalue.fi\/sv\/wp-json\/wp\/v2\/pages\/3372","targetHints":{"allow":["GET"]}}],"collection":[{"href":"https:\/\/www.tolfsnasinkalastusalue.fi\/sv\/wp-json\/wp\/v2\/pages"}],"about":[{"href":"https:\/\/www.tolfsnasinkalastusalue.fi\/sv\/wp-json\/wp\/v2\/types\/page"}],"author":[{"embeddable":true,"href":"https:\/\/www.tolfsnasinkalastusalue.fi\/sv\/wp-json\/wp\/v2\/users\/1"}],"replies":[{"embeddable":true,"href":"https:\/\/www.tolfsnasinkalastusalue.fi\/sv\/wp-json\/wp\/v2\/comments?post=3372"}],"version-history":[{"count":0,"href":"https:\/\/www.tolfsnasinkalastusalue.fi\/sv\/wp-json\/wp\/v2\/pages\/3372\/revisions"}],"up":[{"embeddable":true,"href":"https:\/\/www.tolfsnasinkalastusalue.fi\/sv\/wp-json\/wp\/v2\/pages\/3364"}],"wp:featuredmedia":[{"embeddable":true,"href":"https:\/\/www.tolfsnasinkalastusalue.fi\/sv\/wp-json\/wp\/v2\/media\/3211"}],"wp:attachment":[{"href":"https:\/\/www.tolfsnasinkalastusalue.fi\/sv\/wp-json\/wp\/v2\/media?parent=3372"}],"curies":[{"name":"wp","href":"https:\/\/api.w.org\/{rel}","templated":true}]}}